{"id":12,"date":"2025-11-29T12:49:17","date_gmt":"2025-11-29T12:49:17","guid":{"rendered":"http:\/\/objecth.cluster100.hosting.ovh.net\/?page_id=12"},"modified":"2025-12-18T13:37:28","modified_gmt":"2025-12-18T13:37:28","slug":"le-projet","status":"publish","type":"page","link":"https:\/\/objectifamour.fr\/index.php\/le-projet\/","title":{"rendered":"Le projet"},"content":{"rendered":"\n<p><\/p>\n\n\n\n<p><strong>Objectif Amour est un projet en cours de cr\u00e9ation<\/strong>.<\/p>\n\n\n\n<p>Il est n\u00e9 d\u2019une intuition simple : nos tristesses sont multiples et pourtant souvent tues.<\/p>\n\n\n\n<p>J\u2019ai voulu cr\u00e9er un espace o\u00f9 elles peuvent exister, un espace o\u00f9 la fragilit\u00e9 n\u2019est pas une faute, mais une mati\u00e8re.<\/p>\n\n\n\n<p>Le projet s\u2019articule en trois chapitres : observer, rassembler et inventer.<\/p>\n\n\n\n<p><strong>Objectif Amour est une tentative : celle de se relier, de se consoler et d\u2019imaginer ensemble d\u2019autres fa\u00e7ons de tenir debout.<\/strong><\/p>\n\n\n\n<p><\/p>\n","protected":false},"excerpt":{"rendered":"<p>Objectif Amour est un projet en cours de cr\u00e9ation. Il est n\u00e9 d\u2019une intuition simple : nos tristesses sont multiples et pourtant souvent tues. J\u2019ai voulu cr\u00e9er un espace o\u00f9 elles peuvent exister, un espace o\u00f9 la fragilit\u00e9 n\u2019est pas une faute, mais une mati\u00e8re. Le projet s\u2019articule en trois chapitres : observer, rassembler et [&hellip;]<\/p>\n","protected":false},"author":1,"featured_media":0,"parent":0,"menu_order":0,"comment_status":"closed","ping_status":"closed","template":"","meta":{"footnotes":""},"categories":[],"tags":[],"class_list":["post-12","page","type-page","status-publish","hentry"],"_links":{"self":[{"href":"https:\/\/objectifamour.fr\/index.php\/wp-json\/wp\/v2\/pages\/12","targetHints":{"allow":["GET"]}}],"collection":[{"href":"https:\/\/objectifamour.fr\/index.php\/wp-json\/wp\/v2\/pages"}],"about":[{"href":"https:\/\/objectifamour.fr\/index.php\/wp-json\/wp\/v2\/types\/page"}],"author":[{"embeddable":true,"href":"https:\/\/objectifamour.fr\/index.php\/wp-json\/wp\/v2\/users\/1"}],"replies":[{"embeddable":true,"href":"https:\/\/objectifamour.fr\/index.php\/wp-json\/wp\/v2\/comments?post=12"}],"version-history":[{"count":14,"href":"https:\/\/objectifamour.fr\/index.php\/wp-json\/wp\/v2\/pages\/12\/revisions"}],"predecessor-version":[{"id":111,"href":"https:\/\/objectifamour.fr\/index.php\/wp-json\/wp\/v2\/pages\/12\/revisions\/111"}],"wp:attachment":[{"href":"https:\/\/objectifamour.fr\/index.php\/wp-json\/wp\/v2\/media?parent=12"}],"wp:term":[{"taxonomy":"category","embeddable":true,"href":"https:\/\/objectifamour.fr\/index.php\/wp-json\/wp\/v2\/categories?post=12"},{"taxonomy":"post_tag","embeddable":true,"href":"https:\/\/objectifamour.fr\/index.php\/wp-json\/wp\/v2\/tags?post=12"}],"curies":[{"name":"wp","href":"https:\/\/api.w.org\/{rel}","templated":true}]}}